{"id":729,"date":"2020-05-18T18:50:24","date_gmt":"2020-05-18T16:50:24","guid":{"rendered":"https:\/\/alpujarrawireless.com\/?page_id=729"},"modified":"2020-05-19T13:28:03","modified_gmt":"2020-05-19T11:28:03","slug":"pvp_roaming","status":"publish","type":"page","link":"https:\/\/alpujarrawireless.com\/index.php\/pvp_roaming\/","title":{"rendered":"Tarifas Roaming"},"content":{"rendered":"\n<h2>Tarifas Roaming<\/h2>\n\n\n\n<div class=\"wp-block-kadence-iconlist kt-svg-icon-list-items kt-svg-icon-list-items_35fd0f-c9 kt-svg-icon-list-columns-1 alignnone kt-list-icon-aligntop\"><ul class=\"kt-svg-icon-list\"><li class=\"kt-svg-icon-list-style-default kt-svg-icon-list-item-wrap kt-svg-icon-list-item-0\"><div style=\"display:inline-flex;justify-content:center;align-items:center;color:#ff6600\" class=\"kt-svg-icon-list-single kt-svg-icon-list-single-fe_alertCircle\"><svg style=\"display:inline-block;vertical-align:middle\" viewbox=\"0 0 24 24\" height=\"20\" width=\"20\" fill=\"none\" stroke=\"currentColor\" xmlns=\"http:\/\/www.w3.org\/2000\/svg\" stroke-width=\"2\" stroke-linecap=\"round\" stroke-linejoin=\"round\"><circle cx=\"12\" cy=\"12\" r=\"10\"><\/circle><line x1=\"12\" y1=\"8\" x2=\"12\" y2=\"12\"><\/line><line x1=\"12\" y1=\"16\" x2=\"12\" y2=\"16\"><\/line><\/svg><\/div><span class=\"kt-svg-icon-list-text\">Precios con IVA Incluido<\/span><\/li><\/ul><\/div>\n\n\n\n<hr class=\"wp-block-separator is-style-wide\"\/>\n\n\n\n<h4>ZONA 1. Roaming Uni\u00f3n Europea UE o Paises<\/h4>\n\n\n\n<hr class=\"wp-block-separator is-style-wide\"\/>\n\n\n<style id=\"kb-tabs_8aa508-02\">.kt-tabs-id_8aa508-02 > .kt-tabs-content-wrap > .wp-block-kadence-tab {border-width:3px 0px 0px 0px;border-color:#ff6600;background:#ffffff;}.wp-block-kadence-tabs .kt-tabs-id_8aa508-02 > .kt-tabs-title-list li {margin:0px 8px -1px 0px;}.wp-block-kadence-tabs .kt-tabs-id_8aa508-02 > .kt-tabs-title-list li .kt-tab-title, .wp-block-kadence-tabs .kt-tabs-id_8aa508-02 > .kt-tabs-content-wrap > .kt-tabs-accordion-title .kt-tab-title {font-size:1.1em;line-height:1.4em;font-family:Impact, Charcoal, sans-serif;font-weight:400;border-width:1px 1px 0px 1px ;border-radius:4px 4px 0px 0px ;padding:8px 20px 8px 20px ;border-color:#eeeeee;color:#444444;background:#ffffff;}.wp-block-kadence-tabs .kt-tabs-id_8aa508-02 > .kt-tabs-title-list li .kt-tab-title:hover, .wp-block-kadence-tabs .kt-tabs-id_8aa508-02 > .kt-tabs-content-wrap > .kt-tabs-accordion-title .kt-tab-title:hover {border-color:#e2e2e2;color:#fff;background:#ff6600;}.wp-block-kadence-tabs .kt-tabs-id_8aa508-02 > .kt-tabs-title-list li.kt-tab-title-active .kt-tab-title, .wp-block-kadence-tabs .kt-tabs-id_8aa508-02 > .kt-tabs-content-wrap > .kt-tabs-accordion-title.kt-tab-title-active .kt-tab-title  {border-color:#bcbcbc;color:#fff;background:#ff6600;}<\/style>\n<div class=\"wp-block-kadence-tabs alignnone\"><div class=\"kt-tabs-wrap kt-tabs-id_8aa508-02 kt-tabs-has-5-tabs kt-active-tab-1 kt-tabs-layout-tabs kt-tabs-tablet-layout-inherit kt-tabs-mobile-layout-inherit kt-tab-alignment-left \" style=\"max-width:none\"><ul class=\"kt-tabs-title-list\"><li id=\"tab-llamadas\" class=\"kt-title-item kt-title-item-1 kt-tabs-svg-show-always kt-tabs-icon-side-right kt-tab-title-active\"><a href=\"#tab-llamadas\" data-tab=\"1\" class=\"kt-tab-title kt-tab-title-1 \"><span class=\"kt-title-text\">Llamadas<\/span><\/a><\/li><li id=\"tab-establecimiento\" class=\"kt-title-item kt-title-item-2 kt-tabs-svg-show-always kt-tabs-icon-side-right kt-tab-title-inactive\"><a href=\"#tab-establecimiento\" data-tab=\"2\" class=\"kt-tab-title kt-tab-title-2 \"><span class=\"kt-title-text\">Establecimiento<\/span><\/a><\/li><li id=\"tab-mensajesdetexto\" class=\"kt-title-item kt-title-item-3 kt-tabs-svg-show-always kt-tabs-icon-side-right kt-tab-title-inactive\"><a href=\"#tab-mensajesdetexto\" data-tab=\"3\" class=\"kt-tab-title kt-tab-title-3 \"><span class=\"kt-title-text\">Mensajes de Texto<\/span><\/a><\/li><li id=\"tab-multimedia\" class=\"kt-title-item kt-title-item-4 kt-tabs-svg-show-always kt-tabs-icon-side-right kt-tab-title-inactive\"><a href=\"#tab-multimedia\" data-tab=\"4\" class=\"kt-tab-title kt-tab-title-4 \"><span class=\"kt-title-text\">Multimedia<\/span><\/a><\/li><li id=\"tab-internet\" class=\"kt-title-item kt-title-item-5 kt-tabs-svg-show-always kt-tabs-icon-side-right kt-tab-title-inactive\"><a href=\"#tab-internet\" data-tab=\"5\" class=\"kt-tab-title kt-tab-title-5 \"><span class=\"kt-title-text\">Internet<\/span><\/a><\/li><\/ul><div class=\"kt-tabs-content-wrap\">\n<div class=\"wp-block-kadence-tab kt-tab-inner-content kt-inner-tab-1 kt-inner-tab_dea494-0a\"><div class=\"kt-tab-inner-content-inner\">\n<figure class=\"wp-block-table\"><table><tbody><tr><td class=\"has-text-align-center\" data-align=\"center\">Dentro de la UE<\/td><td class=\"has-text-align-center\" data-align=\"center\">Al resto del mundo<\/td><td class=\"has-text-align-center\" data-align=\"center\">Recibir llamadas UE<\/td><\/tr><tr><td class=\"has-text-align-center\" data-align=\"center\">Seg\u00fan tarifa nacional<\/td><td class=\"has-text-align-center\" data-align=\"center\">1,8150\u20ac\/min<\/td><td class=\"has-text-align-center\" data-align=\"center\">0 \u20ac<\/td><\/tr><\/tbody><\/table><\/figure>\n<\/div><\/div>\n\n\n\n<div class=\"wp-block-kadence-tab kt-tab-inner-content kt-inner-tab-2 kt-inner-tab_9ff0ab-cc\"><div class=\"kt-tab-inner-content-inner\">\n<figure class=\"wp-block-table\"><table><tbody><tr><td class=\"has-text-align-center\" data-align=\"center\">Dentro de la UE<\/td><td class=\"has-text-align-center\" data-align=\"center\">Al resto del mundo<\/td><\/tr><tr><td class=\"has-text-align-center\" data-align=\"center\">Seg\u00fan tarifa nacional<\/td><td class=\"has-text-align-center\" data-align=\"center\">0,6050 \u20ac<\/td><\/tr><\/tbody><\/table><\/figure>\n<\/div><\/div>\n\n\n\n<div class=\"wp-block-kadence-tab kt-tab-inner-content kt-inner-tab-3 kt-inner-tab_7df936-2d\"><div class=\"kt-tab-inner-content-inner\">\n<figure class=\"wp-block-table\"><table><tbody><tr><td class=\"has-text-align-center\" data-align=\"center\">Dentro de la UE<\/td><td class=\"has-text-align-center\" data-align=\"center\">Al resto del mundo<\/td><\/tr><tr><td class=\"has-text-align-center\" data-align=\"center\">Seg\u00fan tarifa nacional<\/td><td class=\"has-text-align-center\" data-align=\"center\">0,7260 \u20ac<\/td><\/tr><\/tbody><\/table><\/figure>\n<\/div><\/div>\n\n\n\n<div class=\"wp-block-kadence-tab kt-tab-inner-content kt-inner-tab-4 kt-inner-tab_0d31ec-22\"><div class=\"kt-tab-inner-content-inner\">\n<figure class=\"wp-block-table\"><table><tbody><tr><td class=\"has-text-align-center\" data-align=\"center\">Enviar y recibir en todos los pa\u00edses<\/td><\/tr><tr><td class=\"has-text-align-center\" data-align=\"center\">No aplica<\/td><\/tr><\/tbody><\/table><\/figure>\n<\/div><\/div>\n\n\n\n<div class=\"wp-block-kadence-tab kt-tab-inner-content kt-inner-tab-5 kt-inner-tab_f060d5-20\"><div class=\"kt-tab-inner-content-inner\">\n<figure class=\"wp-block-table\"><table><tbody><tr><td class=\"has-text-align-center\" data-align=\"center\">Navegar<\/td><\/tr><tr><td class=\"has-text-align-center\" data-align=\"center\">Seg\u00fan tarifa nacional<\/td><\/tr><\/tbody><\/table><\/figure>\n<\/div><\/div>\n<\/div><\/div><\/div>\n\n\n\n<hr class=\"wp-block-separator is-style-wide\"\/>\n\n\n\n<h4>ZONA 2 Roaming Resto del Mundo<\/h4>\n\n\n<style id=\"kb-tabs_a4a27e-3b\">.kt-tabs-id_a4a27e-3b > .kt-tabs-content-wrap > .wp-block-kadence-tab {border-width:3px 0px 0px 0px;border-color:#ff6600;background:#ffffff;}.wp-block-kadence-tabs .kt-tabs-id_a4a27e-3b > .kt-tabs-title-list li {margin:0px 8px 0px 0px;}.wp-block-kadence-tabs .kt-tabs-id_a4a27e-3b > .kt-tabs-title-list li .kt-tab-title, .wp-block-kadence-tabs .kt-tabs-id_a4a27e-3b > .kt-tabs-content-wrap > .kt-tabs-accordion-title .kt-tab-title {font-size:1.1em;line-height:1.4em;font-family:Impact, Charcoal, sans-serif;font-weight:400;border-width:0px 0px 0px 0px ;border-radius:4px 4px 0px 0px ;padding:8px 20px 8px 20px ;border-color:#eeeeee;color:#222222;background:#eeeeee;}.wp-block-kadence-tabs .kt-tabs-id_a4a27e-3b > .kt-tabs-title-list li .kt-tab-title:hover, .wp-block-kadence-tabs .kt-tabs-id_a4a27e-3b > .kt-tabs-content-wrap > .kt-tabs-accordion-title .kt-tab-title:hover {border-color:#eeeeee;color:#222222;background:#ff6600;}.wp-block-kadence-tabs .kt-tabs-id_a4a27e-3b > .kt-tabs-title-list li.kt-tab-title-active .kt-tab-title, .wp-block-kadence-tabs .kt-tabs-id_a4a27e-3b > .kt-tabs-content-wrap > .kt-tabs-accordion-title.kt-tab-title-active .kt-tab-title  {border-color:#eeeeee;color:#ffffff;background:#ff6600;}<\/style>\n<div class=\"wp-block-kadence-tabs alignnone\"><div class=\"kt-tabs-wrap kt-tabs-id_a4a27e-3b kt-tabs-has-5-tabs kt-active-tab-1 kt-tabs-layout-tabs kt-tabs-tablet-layout-inherit kt-tabs-mobile-layout-inherit kt-tab-alignment-left \" style=\"max-width:none\"><ul class=\"kt-tabs-title-list\"><li id=\"tab-llamadas\" class=\"kt-title-item kt-title-item-1 kt-tabs-svg-show-always kt-tabs-icon-side-right kt-tab-title-active\"><a href=\"#tab-llamadas\" data-tab=\"1\" class=\"kt-tab-title kt-tab-title-1 \"><span class=\"kt-title-text\">Llamadas<\/span><\/a><\/li><li id=\"tab-establecimiento\" class=\"kt-title-item kt-title-item-2 kt-tabs-svg-show-always kt-tabs-icon-side-right kt-tab-title-inactive\"><a href=\"#tab-establecimiento\" data-tab=\"2\" class=\"kt-tab-title kt-tab-title-2 \"><span class=\"kt-title-text\">Establecimiento<\/span><\/a><\/li><li id=\"tab-mensajesdetexto\" class=\"kt-title-item kt-title-item-3 kt-tabs-svg-show-always kt-tabs-icon-side-right kt-tab-title-inactive\"><a href=\"#tab-mensajesdetexto\" data-tab=\"3\" class=\"kt-tab-title kt-tab-title-3 \"><span class=\"kt-title-text\">Mensajes de Texto<\/span><\/a><\/li><li id=\"tab-multimedia\" class=\"kt-title-item kt-title-item-4 kt-tabs-svg-show-always kt-tabs-icon-side-right kt-tab-title-inactive\"><a href=\"#tab-multimedia\" data-tab=\"4\" class=\"kt-tab-title kt-tab-title-4 \"><span class=\"kt-title-text\">Multimedia<\/span><\/a><\/li><li id=\"tab-internet\" class=\"kt-title-item kt-title-item-5 kt-tabs-svg-show-always kt-tabs-icon-side-right kt-tab-title-inactive\"><a href=\"#tab-internet\" data-tab=\"5\" class=\"kt-tab-title kt-tab-title-5 \"><span class=\"kt-title-text\">Internet<\/span><\/a><\/li><\/ul><div class=\"kt-tabs-content-wrap\">\n<div class=\"wp-block-kadence-tab kt-tab-inner-content kt-inner-tab-1 kt-inner-tab_3edb3f-08\"><div class=\"kt-tab-inner-content-inner\">\n<figure class=\"wp-block-table\"><table><tbody><tr><td class=\"has-text-align-center\" data-align=\"center\">Dentro del pa\u00eds<\/td><td class=\"has-text-align-center\" data-align=\"center\">A otros paises<\/td><td class=\"has-text-align-center\" data-align=\"center\">Recibir llamadas<\/td><\/tr><tr><td class=\"has-text-align-center\" data-align=\"center\">1,8150\u20ac\/min<\/td><td class=\"has-text-align-center\" data-align=\"center\">1,8150\u20ac\/min<\/td><td class=\"has-text-align-center\" data-align=\"center\">1,4520\u20ac\/min<\/td><\/tr><\/tbody><\/table><\/figure>\n<\/div><\/div>\n\n\n\n<div class=\"wp-block-kadence-tab kt-tab-inner-content kt-inner-tab-2 kt-inner-tab_ca6506-dd\"><div class=\"kt-tab-inner-content-inner\">\n<figure class=\"wp-block-table\"><table><tbody><tr><td class=\"has-text-align-center\" data-align=\"center\">A la UE<\/td><td class=\"has-text-align-center\" data-align=\"center\">Dentro de resto del mundo<\/td><\/tr><tr><td class=\"has-text-align-center\" data-align=\"center\">1,8150 \u20ac<\/td><td class=\"has-text-align-center\" data-align=\"center\">1,8150 \u20ac<\/td><\/tr><\/tbody><\/table><\/figure>\n<\/div><\/div>\n\n\n\n<div class=\"wp-block-kadence-tab kt-tab-inner-content kt-inner-tab-3 kt-inner-tab_97ce1c-20\"><div class=\"kt-tab-inner-content-inner\">\n<figure class=\"wp-block-table\"><table><tbody><tr><td class=\"has-text-align-center\" data-align=\"center\">A la UE<\/td><td class=\"has-text-align-center\" data-align=\"center\">Dentro de resto del mundo<\/td><\/tr><tr><td class=\"has-text-align-center\" data-align=\"center\">0,7260 \u20ac<\/td><td class=\"has-text-align-center\" data-align=\"center\">0,7260 \u20ac<\/td><\/tr><\/tbody><\/table><\/figure>\n<\/div><\/div>\n\n\n\n<div class=\"wp-block-kadence-tab kt-tab-inner-content kt-inner-tab-4 kt-inner-tab_ce8d50-e0\"><div class=\"kt-tab-inner-content-inner\">\n<figure class=\"wp-block-table\"><table><tbody><tr><td class=\"has-text-align-center\" data-align=\"center\">Enviar y recibir en todos los pa\u00edses<\/td><\/tr><tr><td class=\"has-text-align-center\" data-align=\"center\">No aplica<\/td><\/tr><\/tbody><\/table><\/figure>\n<\/div><\/div>\n\n\n\n<div class=\"wp-block-kadence-tab kt-tab-inner-content kt-inner-tab-5 kt-inner-tab_9eba1c-04\"><div class=\"kt-tab-inner-content-inner\">\n<figure class=\"wp-block-table\"><table><tbody><tr><td class=\"has-text-align-center\" data-align=\"center\">Navegar<\/td><\/tr><tr><td class=\"has-text-align-center\" data-align=\"center\">6,0500\u20ac\/MB<\/td><\/tr><\/tbody><\/table><\/figure>\n<\/div><\/div>\n<\/div><\/div><\/div>\n\n\n\n<hr class=\"wp-block-separator is-style-wide\"\/>\n\n\n\n<div class=\"wp-block-kadence-iconlist kt-svg-icon-list-items kt-svg-icon-list-items_63c463-8a kt-svg-icon-list-columns-1 alignnone kt-list-icon-aligntop\"><ul class=\"kt-svg-icon-list\"><li class=\"kt-svg-icon-list-style-default kt-svg-icon-list-item-wrap kt-svg-icon-list-item-0\"><div style=\"display:inline-flex;justify-content:center;align-items:center;color:#ff6600\" class=\"kt-svg-icon-list-single kt-svg-icon-list-single-fe_alertCircle\"><svg style=\"display:inline-block;vertical-align:middle\" viewbox=\"0 0 24 24\" height=\"20\" width=\"20\" fill=\"none\" stroke=\"currentColor\" xmlns=\"http:\/\/www.w3.org\/2000\/svg\" stroke-width=\"2\" stroke-linecap=\"round\" stroke-linejoin=\"round\"><circle cx=\"12\" cy=\"12\" r=\"10\"><\/circle><line x1=\"12\" y1=\"8\" x2=\"12\" y2=\"12\"><\/line><line x1=\"12\" y1=\"16\" x2=\"12\" y2=\"16\"><\/line><\/svg><\/div><span class=\"kt-svg-icon-list-text\">ZONA 1<br>Alemania, Austria, B\u00e9lgica, Bulgaria, Chipre, Croacia, Dinamarca, Eslovaquia, Eslovenia, Estonia, Finlandia, Francia, Gibraltar, Grecia, Guadalupe, Guayana Francesa, Holanda, Hungr\u00eda, Irlanda, Isla Martinica, Islandia, Italia, Letonia, Liechtenstein, Lituania, Luxemburgo, Malta, Noruega, Polonia, Portugal (Madeira y Azores), Reino Unido, Rep\u00fablica Checa, Ruman\u00eda, Suecia y Espa\u00f1a \u2013 s\u00f3lo a efectos de zona destino-.<\/span><\/li><\/ul><\/div>\n","protected":false},"excerpt":{"rendered":"<p>Tarifas Roaming ZONA 1. Roaming Uni\u00f3n Europea UE o Paises ZONA 2 Roaming Resto del Mundo<\/p>\n","protected":false},"author":1,"featured_media":0,"parent":0,"menu_order":0,"comment_status":"closed","ping_status":"closed","template":"","meta":{"kt_blocks_editor_width":""},"categories":[12],"tags":[],"yoast_head":"<!-- This site is optimized with the Yoast SEO plugin v19.8 - https:\/\/yoast.com\/wordpress\/plugins\/seo\/ -->\n<title>Tarifas Roaming - AlpujarraWireless<\/title>\n<meta name=\"robots\" content=\"index, follow, max-snippet:-1, max-image-preview:large, max-video-preview:-1\" \/>\n<link rel=\"canonical\" href=\"https:\/\/alpujarrawireless.com\/index.php\/pvp_roaming\/\" \/>\n<meta property=\"og:locale\" content=\"es_ES\" \/>\n<meta property=\"og:type\" content=\"article\" \/>\n<meta property=\"og:title\" content=\"Tarifas Roaming - AlpujarraWireless\" \/>\n<meta property=\"og:description\" content=\"Tarifas Roaming ZONA 1. Roaming Uni\u00f3n Europea UE o Paises ZONA 2 Roaming Resto del Mundo\" \/>\n<meta property=\"og:url\" content=\"https:\/\/alpujarrawireless.com\/index.php\/pvp_roaming\/\" \/>\n<meta property=\"og:site_name\" content=\"AlpujarraWireless\" \/>\n<meta property=\"article:publisher\" content=\"https:\/\/www.facebook.com\/Alpujarra-Wireless-102108301225964\/\" \/>\n<meta property=\"article:modified_time\" content=\"2020-05-19T11:28:03+00:00\" \/>\n<meta name=\"twitter:card\" content=\"summary_large_image\" \/>\n<meta name=\"twitter:site\" content=\"@alpuwir\" \/>\n<meta name=\"twitter:label1\" content=\"Tiempo de lectura\" \/>\n\t<meta name=\"twitter:data1\" content=\"1 minuto\" \/>\n<script type=\"application\/ld+json\" class=\"yoast-schema-graph\">{\"@context\":\"https:\/\/schema.org\",\"@graph\":[{\"@type\":\"WebPage\",\"@id\":\"https:\/\/alpujarrawireless.com\/index.php\/pvp_roaming\/\",\"url\":\"https:\/\/alpujarrawireless.com\/index.php\/pvp_roaming\/\",\"name\":\"Tarifas Roaming - AlpujarraWireless\",\"isPartOf\":{\"@id\":\"https:\/\/alpujarrawireless.com\/#website\"},\"datePublished\":\"2020-05-18T16:50:24+00:00\",\"dateModified\":\"2020-05-19T11:28:03+00:00\",\"breadcrumb\":{\"@id\":\"https:\/\/alpujarrawireless.com\/index.php\/pvp_roaming\/#breadcrumb\"},\"inLanguage\":\"es\",\"potentialAction\":[{\"@type\":\"ReadAction\",\"target\":[\"https:\/\/alpujarrawireless.com\/index.php\/pvp_roaming\/\"]}]},{\"@type\":\"BreadcrumbList\",\"@id\":\"https:\/\/alpujarrawireless.com\/index.php\/pvp_roaming\/#breadcrumb\",\"itemListElement\":[{\"@type\":\"ListItem\",\"position\":1,\"name\":\"Portada\",\"item\":\"https:\/\/alpujarrawireless.com\/\"},{\"@type\":\"ListItem\",\"position\":2,\"name\":\"Tarifas Roaming\"}]},{\"@type\":\"WebSite\",\"@id\":\"https:\/\/alpujarrawireless.com\/#website\",\"url\":\"https:\/\/alpujarrawireless.com\/\",\"name\":\"AlpujarraWireless\",\"description\":\"T\u00fa proveedor de Telecomunicaciones\",\"publisher\":{\"@id\":\"https:\/\/alpujarrawireless.com\/#organization\"},\"potentialAction\":[{\"@type\":\"SearchAction\",\"target\":{\"@type\":\"EntryPoint\",\"urlTemplate\":\"https:\/\/alpujarrawireless.com\/?s={search_term_string}\"},\"query-input\":\"required name=search_term_string\"}],\"inLanguage\":\"es\"},{\"@type\":\"Organization\",\"@id\":\"https:\/\/alpujarrawireless.com\/#organization\",\"name\":\"Alpujarra Wireless\",\"url\":\"https:\/\/alpujarrawireless.com\/\",\"sameAs\":[\"https:\/\/www.facebook.com\/Alpujarra-Wireless-102108301225964\/\",\"https:\/\/twitter.com\/alpuwir\"],\"logo\":{\"@type\":\"ImageObject\",\"inLanguage\":\"es\",\"@id\":\"https:\/\/alpujarrawireless.com\/#\/schema\/logo\/image\/\",\"url\":\"https:\/\/alpujarrawireless.com\/wp-content\/uploads\/2019\/10\/LOGO-Alpujarra-Wireless.png\",\"contentUrl\":\"https:\/\/alpujarrawireless.com\/wp-content\/uploads\/2019\/10\/LOGO-Alpujarra-Wireless.png\",\"width\":240,\"height\":88,\"caption\":\"Alpujarra Wireless\"},\"image\":{\"@id\":\"https:\/\/alpujarrawireless.com\/#\/schema\/logo\/image\/\"}}]}<\/script>\n<!-- \/ Yoast SEO plugin. -->","yoast_head_json":{"title":"Tarifas Roaming - AlpujarraWireless","robots":{"index":"index","follow":"follow","max-snippet":"max-snippet:-1","max-image-preview":"max-image-preview:large","max-video-preview":"max-video-preview:-1"},"canonical":"https:\/\/alpujarrawireless.com\/index.php\/pvp_roaming\/","og_locale":"es_ES","og_type":"article","og_title":"Tarifas Roaming - AlpujarraWireless","og_description":"Tarifas Roaming ZONA 1. Roaming Uni\u00f3n Europea UE o Paises ZONA 2 Roaming Resto del Mundo","og_url":"https:\/\/alpujarrawireless.com\/index.php\/pvp_roaming\/","og_site_name":"AlpujarraWireless","article_publisher":"https:\/\/www.facebook.com\/Alpujarra-Wireless-102108301225964\/","article_modified_time":"2020-05-19T11:28:03+00:00","twitter_card":"summary_large_image","twitter_site":"@alpuwir","twitter_misc":{"Tiempo de lectura":"1 minuto"},"schema":{"@context":"https:\/\/schema.org","@graph":[{"@type":"WebPage","@id":"https:\/\/alpujarrawireless.com\/index.php\/pvp_roaming\/","url":"https:\/\/alpujarrawireless.com\/index.php\/pvp_roaming\/","name":"Tarifas Roaming - AlpujarraWireless","isPartOf":{"@id":"https:\/\/alpujarrawireless.com\/#website"},"datePublished":"2020-05-18T16:50:24+00:00","dateModified":"2020-05-19T11:28:03+00:00","breadcrumb":{"@id":"https:\/\/alpujarrawireless.com\/index.php\/pvp_roaming\/#breadcrumb"},"inLanguage":"es","potentialAction":[{"@type":"ReadAction","target":["https:\/\/alpujarrawireless.com\/index.php\/pvp_roaming\/"]}]},{"@type":"BreadcrumbList","@id":"https:\/\/alpujarrawireless.com\/index.php\/pvp_roaming\/#breadcrumb","itemListElement":[{"@type":"ListItem","position":1,"name":"Portada","item":"https:\/\/alpujarrawireless.com\/"},{"@type":"ListItem","position":2,"name":"Tarifas Roaming"}]},{"@type":"WebSite","@id":"https:\/\/alpujarrawireless.com\/#website","url":"https:\/\/alpujarrawireless.com\/","name":"AlpujarraWireless","description":"T\u00fa proveedor de Telecomunicaciones","publisher":{"@id":"https:\/\/alpujarrawireless.com\/#organization"},"potentialAction":[{"@type":"SearchAction","target":{"@type":"EntryPoint","urlTemplate":"https:\/\/alpujarrawireless.com\/?s={search_term_string}"},"query-input":"required name=search_term_string"}],"inLanguage":"es"},{"@type":"Organization","@id":"https:\/\/alpujarrawireless.com\/#organization","name":"Alpujarra Wireless","url":"https:\/\/alpujarrawireless.com\/","sameAs":["https:\/\/www.facebook.com\/Alpujarra-Wireless-102108301225964\/","https:\/\/twitter.com\/alpuwir"],"logo":{"@type":"ImageObject","inLanguage":"es","@id":"https:\/\/alpujarrawireless.com\/#\/schema\/logo\/image\/","url":"https:\/\/alpujarrawireless.com\/wp-content\/uploads\/2019\/10\/LOGO-Alpujarra-Wireless.png","contentUrl":"https:\/\/alpujarrawireless.com\/wp-content\/uploads\/2019\/10\/LOGO-Alpujarra-Wireless.png","width":240,"height":88,"caption":"Alpujarra Wireless"},"image":{"@id":"https:\/\/alpujarrawireless.com\/#\/schema\/logo\/image\/"}}]}},"_links":{"self":[{"href":"https:\/\/alpujarrawireless.com\/index.php\/wp-json\/wp\/v2\/pages\/729"}],"collection":[{"href":"https:\/\/alpujarrawireless.com\/index.php\/wp-json\/wp\/v2\/pages"}],"about":[{"href":"https:\/\/alpujarrawireless.com\/index.php\/wp-json\/wp\/v2\/types\/page"}],"author":[{"embeddable":true,"href":"https:\/\/alpujarrawireless.com\/index.php\/wp-json\/wp\/v2\/users\/1"}],"replies":[{"embeddable":true,"href":"https:\/\/alpujarrawireless.com\/index.php\/wp-json\/wp\/v2\/comments?post=729"}],"version-history":[{"count":38,"href":"https:\/\/alpujarrawireless.com\/index.php\/wp-json\/wp\/v2\/pages\/729\/revisions"}],"predecessor-version":[{"id":853,"href":"https:\/\/alpujarrawireless.com\/index.php\/wp-json\/wp\/v2\/pages\/729\/revisions\/853"}],"wp:attachment":[{"href":"https:\/\/alpujarrawireless.com\/index.php\/wp-json\/wp\/v2\/media?parent=729"}],"wp:term":[{"taxonomy":"category","embeddable":true,"href":"https:\/\/alpujarrawireless.com\/index.php\/wp-json\/wp\/v2\/categories?post=729"},{"taxonomy":"post_tag","embeddable":true,"href":"https:\/\/alpujarrawireless.com\/index.php\/wp-json\/wp\/v2\/tags?post=729"}],"curies":[{"name":"wp","href":"https:\/\/api.w.org\/{rel}","templated":true}]}}