{"id":709,"date":"2020-05-18T18:41:18","date_gmt":"2020-05-18T16:41:18","guid":{"rendered":"https:\/\/alpujarrawireless.com\/?page_id=709"},"modified":"2022-05-06T18:52:02","modified_gmt":"2022-05-06T16:52:02","slug":"aviso-legal","status":"publish","type":"page","link":"https:\/\/alpujarrawireless.com\/index.php\/aviso-legal\/","title":{"rendered":"Aviso Legal"},"content":{"rendered":"\n<h2>Aviso Legal<\/h2>\n\n\n\n<p><strong>INTRODUCCION:<\/strong><\/p>\n\n\n\n<p>El presente documento tiene como finalidad el establecer y regular las normas de uso de este portal web entendiendo por \u00e9ste todas las p\u00e1ginas y sus contenidos propiedad de Naike Cabera Martos a las cuales se accede a trav\u00e9s del dominio www.alpujarrawireless.com<\/p>\n\n\n\n<p>La utilizaci\u00f3n del portal web atribuye la condici\u00f3n de usuario del mismo e implica la aceptaci\u00f3n de todas las condiciones incluidas en el presente Aviso Legal. El usuario se compromete a leer atentamente el presente Aviso Legal en cada una de las ocasiones en que se proponga utilizar nuestro portal web ya que \u00e9ste y sus condiciones de uso recogidas en el presente Aviso Legal pueden sufrir modificaciones.<\/p>\n\n\n\n<p><strong>DATOS IDENTIFICATIVOS:<\/strong><\/p>\n\n\n\n<p>En cumplimiento con el deber de informaci\u00f3n recogido en art\u00edculo 10 de la Ley 34\/2002, de 11 de julio, de Servicios de la Sociedad de la Informaci\u00f3n y del Comercio Electr\u00f3nico, a continuaci\u00f3n, se reflejan los siguientes datos:<\/p>\n\n\n\n<p>El titular del presente Sitio es:<\/p>\n\n\n\n<p>Raz\u00f3n social: Naike Cabrera Martos con NIF: 54103722V, Domicilio: C\/ Pie de la Torre, n\u00ba2, 2\u00baB, 18440 C\u00e1diar, tel\u00e9fono: 717708927, El correo electr\u00f3nico es:&nbsp;info@alpujarrawireless.com&nbsp;y el nombre del dominio es: &nbsp;alpujarrawireless.com<\/p>\n\n\n\n<p>A los efectos del presente Aviso legal, a Naike Cabrera Martos se le denominar\u00e1 en adelante \u00abALPUJARRA WIRELESS\u00bb Marca Comercial registrada.<\/p>\n\n\n\n<p><strong>USUARIOS<\/strong>:<\/p>\n\n\n\n<p>El acceso y\/o uso de este portal web atribuye la condici\u00f3n de USUARIO, que acepta, desde dicho acceso y\/o uso, las Condiciones Generales de Uso aqu\u00ed reflejadas. Las citadas Condiciones ser\u00e1n de aplicaci\u00f3n independientemente de las Condiciones Generales de Contrataci\u00f3n que en su caso resulten de obligado cumplimiento.<\/p>\n\n\n\n<p><strong>USO DEL PORTAL WEB:<\/strong><\/p>\n\n\n\n<p>Le informamos que el sitio web www.alpujarrawireless.com (en adelante, la \u2018Web\u2019) tiene por objeto facilitar al p\u00fablico, en general, el conocimiento de las actividades que esta empresa realiza y de los productos y servicios que presta, transmitiendo las solicitudes de compra a los servicios comerciales que nos respaldan.<\/p>\n\n\n\n<p>La informaci\u00f3n relativa a los productos y servicios que se ofrecen en las p\u00e1ginas de esta Web (contrataci\u00f3n, caracter\u00edsticas referencias a precios, impuestos aplicables, gastos de env\u00edo, cuando sean de cuenta del Usuario y dem\u00e1s circunstancias concretas), se encuentra contenida en la misma p\u00e1gina en donde dicho producto o servicio se ofrece.<\/p>\n\n\n\n<p>alpujarrawireless.com proporciona el acceso a diversas informaciones en relaci\u00f3n con sus servicios, productos, informaci\u00f3n de nuestra entidad, apartados de contacto, hiperenlaces a redes sociales, (en adelante, \u00ablos contenidos\u00bb) pertenecientes a ALPUJARRA WIRELESS<\/p>\n\n\n\n<p>El usuario asume la responsabilidad del uso del portal. Dicha responsabilidad se extiende al registro o recogida de datos que fuese necesaria para acceder a determinados servicios. En dicho registro el usuario ser\u00e1 responsable de aportar informaci\u00f3n veraz y l\u00edcita.<\/p>\n\n\n\n<p>Los datos personales de los usuarios del Portal y de Clientes ALPUJARRA WIRELESS ser\u00e1n tratados de conformidad con los principios de transparencia, limitaci\u00f3n de la finalidad, minimizaci\u00f3n de datos, exactitud, integridad y confidencialidad, as\u00ed como respetando el resto de obligaciones y garant\u00edas establecidas en el Reglamento (UE) 2016\/679 del Parlamento Europeo y del Consejo de 27 de abril de 2016 relativo a la protecci\u00f3n de las personas f\u00edsicas en lo que respecta al tratamiento de datos personales y a la libre circulaci\u00f3n de estos datos. Podr\u00e1 consultar la pol\u00edtica de privacidad completa en&nbsp;https:\/\/alpujarrawireless.com\/index.php\/condiciones_privacidad\/<\/p>\n\n\n\n<p>Los derechos de propiedad intelectual de la Web, su c\u00f3digo fuente, dise\u00f1o, estructura de navegaci\u00f3n, bases de datos y los distintos elementos en ella contenidos son titularidad de ALPUJARRA WIRELESS y su Grupo, correspondi\u00e9ndonos el ejercicio exclusivo de los derechos de explotaci\u00f3n de los mismos en cualquier forma y, en especial, los derechos de reproducci\u00f3n, distribuci\u00f3n, comunicaci\u00f3n p\u00fablica, puesta a disposici\u00f3n y transformaci\u00f3n.<\/p>\n\n\n\n<p>Se autoriza al Usuario, excepcionalmente, la reproducci\u00f3n parcial del contenido de la Web, s\u00f3lo y exclusivamente, si concurren todas las siguientes condiciones: Que sea compatible con los fines de la Web, que se realice con el s\u00f3lo objetivo y \u00e1nimo de obtener la informaci\u00f3n contenida para uso personal y privado, quedando absolutamente excluido cualquier prop\u00f3sito o uso comercial o para su distribuci\u00f3n, comunicaci\u00f3n p\u00fablica, o transformaci\u00f3n, que ninguno de los contenidos, documentos o gr\u00e1ficos relacionados en esta Web sean modificados de ninguna manera, que ning\u00fan gr\u00e1fico, icono o imagen disponible en esta Web sea utilizado, copiado o distribuido, separadamente, del texto o resto de im\u00e1genes que lo acompa\u00f1an.<\/p>\n\n\n\n<p>Cualquier otro uso habr\u00e1 de ser comunicado y autorizado, previa y expresamente.<\/p>\n\n\n\n<p>ALPUJARRA WIRELESS es titular de los derechos de propiedad industrial referidos a sus productos y servicios, y espec\u00edficamente de los relativos a las marca registrada \u00abALPUJARRA WIRELESS\u2019.<\/p>\n\n\n\n<p>Todo enlace de cualquier tercero a esta Web debe serlo a su p\u00e1gina principal o de entrada.<\/p>\n\n\n\n<p>ALPUJARRA WIRELESS no asume responsabilidad alguna derivada de la conexi\u00f3n o contenidos de los enlaces de terceros a los que se hace referencia en la Web.<\/p>\n\n\n\n<p>Respecto a las citas de productos y servicios de terceros, ALPUJARRA WIRELESS reconoce a favor de sus titulares los correspondientes derechos de propiedad industrial e intelectual, no implicando su sola menci\u00f3n o aparici\u00f3n en la Web la existencia de derechos ni de responsabilidad alguna sobre los mismos, como tampoco respaldo, patrocinio o recomendaci\u00f3n.<\/p>\n\n\n\n<p>La utilizaci\u00f3n no autorizada de la informaci\u00f3n contenida en esta Web, as\u00ed como la lesi\u00f3n de los derechos de Propiedad Intelectual o Industrial correspondientes, dar\u00e1 lugar a las responsabilidades legalmente establecidas.<\/p>\n\n\n\n<p>ALPUJARRA WIRELESS se reserva la facultad de efectuar, en cualquier momento y sin necesidad de previo aviso, modificaciones y actualizaciones de la informaci\u00f3n contenida en su Web o en la configuraci\u00f3n y presentaci\u00f3n de \u00e9sta.<\/p>\n\n\n\n<p>As\u00ed mismo, no garantiza la inexistencia de errores en el acceso a la Web, en su contenido, ni que \u00e9ste se encuentre actualizado, aunque ALPUJARRA WIRELESS desarrollar\u00e1 sus mejores esfuerzos para, en su caso, evitarlos, subsanarlos o actualizarlos.<\/p>\n\n\n\n<p>Tanto el acceso a esta Web como el uso que pueda hacerse de la informaci\u00f3n contenida en la misma es de la exclusiva responsabilidad de quien lo realiza. El Usuario ser\u00e1 responsable de todas las acciones que efect\u00fae con su identificador de usuario. En concreto, ser\u00e1 responsable de escoger, como clave y como recordatorio de la misma, contrase\u00f1as y frases robustas, esto es, cifras y letras e incluso, en los sistemas que lo permitan, signos de puntuaci\u00f3n y caracteres especiales, dif\u00edciles de adivinar. En especial, el Usuario evitar\u00e1 escoger palabras del diccionario, palabras que est\u00e9n relacionadas con \u00e9l mismo (nombre de familiar, domicilio, fecha de nacimiento, etc.) o sencillas de adivinar (combinaciones de nombres con meses, prefijos y sufijos, etc.). ALPUJARRA WIRELESS no responder\u00e1 de ninguna consecuencia, da\u00f1o o perjuicio que pudieran derivarse de dicho acceso o uso de la informaci\u00f3n.<\/p>\n\n\n\n<p>ALPUJARRA WIRELESS no se hace responsable de los posibles errores de seguridad que se puedan producir ni de los posibles da\u00f1os que puedan causarse al sistema inform\u00e1tico del Usuario (hardware y software), los ficheros o documentos almacenados en el mismo, como consecuencia de la presencia de virus en el ordenador del Usuario utilizado para la conexi\u00f3n a los servicios y contenidos de la Web, de un mal funcionamiento del navegador o del uso de versiones no actualizadas del mismo.<\/p>\n\n\n\n<p><strong>USO DEL PORTAL WEB Y LAS COOKIES:<\/strong><\/p>\n\n\n\n<p>Las cookies constituyen una herramienta empleada por los servidores web para almacenar y recuperar informaci\u00f3n acerca de sus visitantes. Son peque\u00f1os archivos de texto que enviamos a su ordenador para mantener un registro de sus preferencias y recordarlas a su regreso. ALPUJARRA WIRELESS utiliza cookies para facilitar la navegaci\u00f3n por su Web y para obtener una mayor eficacia y personalizaci\u00f3n de los servicios ofrecidos a los Usuarios. Las cookies utilizadas permiten almacenar informaci\u00f3n sobre las preferencias e idioma del Usuario, a fin de poder mostrarle contenidos y ofertas de especial inter\u00e9s acordes con su perfil y registrar el n\u00famero de veces que se muestra a un Usuario un determinado mensaje (generalmente, novedades en la Web). En relaci\u00f3n con lo anterior, si contin\u00faa haciendo uso de la p\u00e1gina web entenderemos que consiente con la implantaci\u00f3n de las cookies no obstante, el Usuario puede, libremente, decidir acerca de la implantaci\u00f3n o no, en su disco duro, de las cookies empleadas. En este sentido, el Usuario puede configurar su navegador para aceptar o rechazar, por defecto, todas las cookies, o para recibir un aviso en pantalla de la recepci\u00f3n de cada cookie y decidir, en ese momento, su implantaci\u00f3n o no en su disco duro. Para ello, le sugerimos la secci\u00f3n de ayuda de su navegador, para saber c\u00f3mo cambiar la configuraci\u00f3n que actualmente emplea.<\/p>\n\n\n\n<p>ALPUJARRA WIRELESS y el Usuario, con renuncia expresa a cualquier otro fuero, se someten al fuero de los juzgados y tribunales de la ciudad de \u00d3rgiva (Espa\u00f1a), para cualquier controversia que pudiera derivarse del acceso a esta Web.<\/p>\n","protected":false},"excerpt":{"rendered":"<p>Aviso Legal INTRODUCCION: El presente documento tiene como finalidad el establecer y regular las normas de uso de este portal web entendiendo por \u00e9ste todas las p\u00e1ginas y sus contenidos propiedad de Naike Cabera Martos a las cuales se accede &hellip; <a href=\"https:\/\/alpujarrawireless.com\/index.php\/aviso-legal\/\">Continuar<\/a><\/p>\n","protected":false},"author":1,"featured_media":0,"parent":0,"menu_order":0,"comment_status":"closed","ping_status":"closed","template":"","meta":{"kt_blocks_editor_width":""},"categories":[10],"tags":[],"yoast_head":"<!-- This site is optimized with the Yoast SEO plugin v19.8 - https:\/\/yoast.com\/wordpress\/plugins\/seo\/ -->\n<title>Aviso Legal - AlpujarraWireless<\/title>\n<meta name=\"robots\" content=\"index, follow, max-snippet:-1, max-image-preview:large, max-video-preview:-1\" \/>\n<link rel=\"canonical\" href=\"https:\/\/alpujarrawireless.com\/index.php\/aviso-legal\/\" \/>\n<meta property=\"og:locale\" content=\"es_ES\" \/>\n<meta property=\"og:type\" content=\"article\" \/>\n<meta property=\"og:title\" content=\"Aviso Legal - AlpujarraWireless\" \/>\n<meta property=\"og:description\" content=\"Aviso Legal INTRODUCCION: El presente documento tiene como finalidad el establecer y regular las normas de uso de este portal web entendiendo por \u00e9ste todas las p\u00e1ginas y sus contenidos propiedad de Naike Cabera Martos a las cuales se accede &hellip; Continuar\" \/>\n<meta property=\"og:url\" content=\"https:\/\/alpujarrawireless.com\/index.php\/aviso-legal\/\" \/>\n<meta property=\"og:site_name\" content=\"AlpujarraWireless\" \/>\n<meta property=\"article:publisher\" content=\"https:\/\/www.facebook.com\/Alpujarra-Wireless-102108301225964\/\" \/>\n<meta property=\"article:modified_time\" content=\"2022-05-06T16:52:02+00:00\" \/>\n<meta name=\"twitter:card\" content=\"summary_large_image\" \/>\n<meta name=\"twitter:site\" content=\"@alpuwir\" \/>\n<meta name=\"twitter:label1\" content=\"Tiempo de lectura\" \/>\n\t<meta name=\"twitter:data1\" content=\"8 minutos\" \/>\n<script type=\"application\/ld+json\" class=\"yoast-schema-graph\">{\"@context\":\"https:\/\/schema.org\",\"@graph\":[{\"@type\":\"WebPage\",\"@id\":\"https:\/\/alpujarrawireless.com\/index.php\/aviso-legal\/\",\"url\":\"https:\/\/alpujarrawireless.com\/index.php\/aviso-legal\/\",\"name\":\"Aviso Legal - AlpujarraWireless\",\"isPartOf\":{\"@id\":\"https:\/\/alpujarrawireless.com\/#website\"},\"datePublished\":\"2020-05-18T16:41:18+00:00\",\"dateModified\":\"2022-05-06T16:52:02+00:00\",\"breadcrumb\":{\"@id\":\"https:\/\/alpujarrawireless.com\/index.php\/aviso-legal\/#breadcrumb\"},\"inLanguage\":\"es\",\"potentialAction\":[{\"@type\":\"ReadAction\",\"target\":[\"https:\/\/alpujarrawireless.com\/index.php\/aviso-legal\/\"]}]},{\"@type\":\"BreadcrumbList\",\"@id\":\"https:\/\/alpujarrawireless.com\/index.php\/aviso-legal\/#breadcrumb\",\"itemListElement\":[{\"@type\":\"ListItem\",\"position\":1,\"name\":\"Portada\",\"item\":\"https:\/\/alpujarrawireless.com\/\"},{\"@type\":\"ListItem\",\"position\":2,\"name\":\"Aviso Legal\"}]},{\"@type\":\"WebSite\",\"@id\":\"https:\/\/alpujarrawireless.com\/#website\",\"url\":\"https:\/\/alpujarrawireless.com\/\",\"name\":\"AlpujarraWireless\",\"description\":\"T\u00fa proveedor de Telecomunicaciones\",\"publisher\":{\"@id\":\"https:\/\/alpujarrawireless.com\/#organization\"},\"potentialAction\":[{\"@type\":\"SearchAction\",\"target\":{\"@type\":\"EntryPoint\",\"urlTemplate\":\"https:\/\/alpujarrawireless.com\/?s={search_term_string}\"},\"query-input\":\"required name=search_term_string\"}],\"inLanguage\":\"es\"},{\"@type\":\"Organization\",\"@id\":\"https:\/\/alpujarrawireless.com\/#organization\",\"name\":\"Alpujarra Wireless\",\"url\":\"https:\/\/alpujarrawireless.com\/\",\"sameAs\":[\"https:\/\/www.facebook.com\/Alpujarra-Wireless-102108301225964\/\",\"https:\/\/twitter.com\/alpuwir\"],\"logo\":{\"@type\":\"ImageObject\",\"inLanguage\":\"es\",\"@id\":\"https:\/\/alpujarrawireless.com\/#\/schema\/logo\/image\/\",\"url\":\"https:\/\/alpujarrawireless.com\/wp-content\/uploads\/2019\/10\/LOGO-Alpujarra-Wireless.png\",\"contentUrl\":\"https:\/\/alpujarrawireless.com\/wp-content\/uploads\/2019\/10\/LOGO-Alpujarra-Wireless.png\",\"width\":240,\"height\":88,\"caption\":\"Alpujarra Wireless\"},\"image\":{\"@id\":\"https:\/\/alpujarrawireless.com\/#\/schema\/logo\/image\/\"}}]}<\/script>\n<!-- \/ Yoast SEO plugin. -->","yoast_head_json":{"title":"Aviso Legal - AlpujarraWireless","robots":{"index":"index","follow":"follow","max-snippet":"max-snippet:-1","max-image-preview":"max-image-preview:large","max-video-preview":"max-video-preview:-1"},"canonical":"https:\/\/alpujarrawireless.com\/index.php\/aviso-legal\/","og_locale":"es_ES","og_type":"article","og_title":"Aviso Legal - AlpujarraWireless","og_description":"Aviso Legal INTRODUCCION: El presente documento tiene como finalidad el establecer y regular las normas de uso de este portal web entendiendo por \u00e9ste todas las p\u00e1ginas y sus contenidos propiedad de Naike Cabera Martos a las cuales se accede &hellip; Continuar","og_url":"https:\/\/alpujarrawireless.com\/index.php\/aviso-legal\/","og_site_name":"AlpujarraWireless","article_publisher":"https:\/\/www.facebook.com\/Alpujarra-Wireless-102108301225964\/","article_modified_time":"2022-05-06T16:52:02+00:00","twitter_card":"summary_large_image","twitter_site":"@alpuwir","twitter_misc":{"Tiempo de lectura":"8 minutos"},"schema":{"@context":"https:\/\/schema.org","@graph":[{"@type":"WebPage","@id":"https:\/\/alpujarrawireless.com\/index.php\/aviso-legal\/","url":"https:\/\/alpujarrawireless.com\/index.php\/aviso-legal\/","name":"Aviso Legal - AlpujarraWireless","isPartOf":{"@id":"https:\/\/alpujarrawireless.com\/#website"},"datePublished":"2020-05-18T16:41:18+00:00","dateModified":"2022-05-06T16:52:02+00:00","breadcrumb":{"@id":"https:\/\/alpujarrawireless.com\/index.php\/aviso-legal\/#breadcrumb"},"inLanguage":"es","potentialAction":[{"@type":"ReadAction","target":["https:\/\/alpujarrawireless.com\/index.php\/aviso-legal\/"]}]},{"@type":"BreadcrumbList","@id":"https:\/\/alpujarrawireless.com\/index.php\/aviso-legal\/#breadcrumb","itemListElement":[{"@type":"ListItem","position":1,"name":"Portada","item":"https:\/\/alpujarrawireless.com\/"},{"@type":"ListItem","position":2,"name":"Aviso Legal"}]},{"@type":"WebSite","@id":"https:\/\/alpujarrawireless.com\/#website","url":"https:\/\/alpujarrawireless.com\/","name":"AlpujarraWireless","description":"T\u00fa proveedor de Telecomunicaciones","publisher":{"@id":"https:\/\/alpujarrawireless.com\/#organization"},"potentialAction":[{"@type":"SearchAction","target":{"@type":"EntryPoint","urlTemplate":"https:\/\/alpujarrawireless.com\/?s={search_term_string}"},"query-input":"required name=search_term_string"}],"inLanguage":"es"},{"@type":"Organization","@id":"https:\/\/alpujarrawireless.com\/#organization","name":"Alpujarra Wireless","url":"https:\/\/alpujarrawireless.com\/","sameAs":["https:\/\/www.facebook.com\/Alpujarra-Wireless-102108301225964\/","https:\/\/twitter.com\/alpuwir"],"logo":{"@type":"ImageObject","inLanguage":"es","@id":"https:\/\/alpujarrawireless.com\/#\/schema\/logo\/image\/","url":"https:\/\/alpujarrawireless.com\/wp-content\/uploads\/2019\/10\/LOGO-Alpujarra-Wireless.png","contentUrl":"https:\/\/alpujarrawireless.com\/wp-content\/uploads\/2019\/10\/LOGO-Alpujarra-Wireless.png","width":240,"height":88,"caption":"Alpujarra Wireless"},"image":{"@id":"https:\/\/alpujarrawireless.com\/#\/schema\/logo\/image\/"}}]}},"_links":{"self":[{"href":"https:\/\/alpujarrawireless.com\/index.php\/wp-json\/wp\/v2\/pages\/709"}],"collection":[{"href":"https:\/\/alpujarrawireless.com\/index.php\/wp-json\/wp\/v2\/pages"}],"about":[{"href":"https:\/\/alpujarrawireless.com\/index.php\/wp-json\/wp\/v2\/types\/page"}],"author":[{"embeddable":true,"href":"https:\/\/alpujarrawireless.com\/index.php\/wp-json\/wp\/v2\/users\/1"}],"replies":[{"embeddable":true,"href":"https:\/\/alpujarrawireless.com\/index.php\/wp-json\/wp\/v2\/comments?post=709"}],"version-history":[{"count":3,"href":"https:\/\/alpujarrawireless.com\/index.php\/wp-json\/wp\/v2\/pages\/709\/revisions"}],"predecessor-version":[{"id":1370,"href":"https:\/\/alpujarrawireless.com\/index.php\/wp-json\/wp\/v2\/pages\/709\/revisions\/1370"}],"wp:attachment":[{"href":"https:\/\/alpujarrawireless.com\/index.php\/wp-json\/wp\/v2\/media?parent=709"}],"wp:term":[{"taxonomy":"category","embeddable":true,"href":"https:\/\/alpujarrawireless.com\/index.php\/wp-json\/wp\/v2\/categories?post=709"},{"taxonomy":"post_tag","embeddable":true,"href":"https:\/\/alpujarrawireless.com\/index.php\/wp-json\/wp\/v2\/tags?post=709"}],"curies":[{"name":"wp","href":"https:\/\/api.w.org\/{rel}","templated":true}]}}