{"id":1176,"date":"2020-05-30T11:13:08","date_gmt":"2020-05-30T09:13:08","guid":{"rendered":"https:\/\/alpujarrawireless.com\/?page_id=1176"},"modified":"2020-05-30T11:44:30","modified_gmt":"2020-05-30T09:44:30","slug":"calculador-ftth","status":"publish","type":"page","link":"https:\/\/alpujarrawireless.com\/index.php\/calculador-ftth\/","title":{"rendered":"Calculador FTTH"},"content":{"rendered":"\n<h2>Combina a tu gusto <span style=\"color:#ff6600\" class=\"tadv-color\">Internet, Fijo y M\u00f3vil<\/span><\/h2>\n\n\n\n<hr class=\"wp-block-separator is-style-wide\"\/>\n\n\n<style id=\"kt-blocks_5e8351-34\">.kt-svg-icon-list-items_5e8351-34 ul.kt-svg-icon-list .kt-svg-icon-list-item-wrap, .kt-svg-icon-list-items_5e8351-34 ul.kt-svg-icon-list .kt-svg-icon-list-item-wrap a {}<\/style>\n<div class=\"wp-block-kadence-iconlist kt-svg-icon-list-items kt-svg-icon-list-items_5e8351-34 kt-svg-icon-list-columns-1 alignnone kt-list-icon-aligntop\"><ul class=\"kt-svg-icon-list\"><li class=\"kt-svg-icon-list-style-default kt-svg-icon-list-item-wrap kt-svg-icon-list-item-0\"><div style=\"display:inline-flex;justify-content:center;align-items:center;color:#ff6600\" class=\"kt-svg-icon-list-single kt-svg-icon-list-single-fe_alertTriangle\"><svg style=\"display:inline-block;vertical-align:middle\" viewbox=\"0 0 24 24\" height=\"20\" width=\"20\" fill=\"none\" stroke=\"currentColor\" xmlns=\"http:\/\/www.w3.org\/2000\/svg\" stroke-width=\"2\" stroke-linecap=\"round\" stroke-linejoin=\"round\"><path d=\"M10.29 3.86L1.82 18a2 2 0 0 0 1.71 3h16.94a2 2 0 0 0 1.71-3L13.71 3.86a2 2 0 0 0-3.42 0z\"><\/path><line x1=\"12\" y1=\"9\" x2=\"12\" y2=\"13\"><\/line><line x1=\"12\" y1=\"17\" x2=\"12\" y2=\"17\"><\/line><\/svg><\/div><span class=\"kt-svg-icon-list-text\">Las l\u00edneas adicionales m\u00f3vil deben ser igual o menor que la l\u00ednea de cabecera.<\/span><\/li><\/ul><\/div>\n\n\n\n<hr class=\"wp-block-separator is-style-wide\"\/>\n\n\n<div class=\"btQuoteBooking h4 btQuoteBookingWithColor c69e14a421dcf9\"  data-admin_email=\"info@alpujarrawireless.com\" data-cf7_id=\"\" data-email_client=\"yes\" data-email_gdpr=\"\" data-email_gdpr_text=\"\" data-email_gdpr_not_text=\"\" data-currency=\"\u20ac\" data-currency_after=\"yes\" data-currency_space=\"yes\" data-url_confirmation=\"\" data-url_ajax=\"https:\/\/alpujarrawireless.com\/wp-admin\/admin-ajax.php\" data-subject=\"Contrataci\u00f3n WEB\" data-email_header=\"\" data-email_footer=\"\" data-date_text=\"Preferred Service Date\" data-time_text=\"Preferred Service Time\" data-message_please_wait=\"Please wait...\" data-message_success=\"Thank you, we will contact you soon!\" data-message_error=\"Error! Please try again later.\" data-message_mandatory=\"Please fill out all required fields.\" data-rec_secret_key=\"6Ld_tfkUAAAAANNHCZk2ke1DgWV1OQJSqf2gStMC\" data-total_text=\"Total\" data-total_format=\"currency_1\" data-total_decimals=\"2\" data-date_format=\"\" data-bt_cc_nonce=\"3c260d1a2a\"><div class=\"btQuoteBookingWrap\"><div class=\"btQuoteBookingForm\"><div class=\"btQuoteItem \" id=\"btQuoteItem69e14a421ddc0\" ><label>Internet Fibra + Fijo + M\u00f3vil<\/label>\n\t\t<div class=\"btQuoteItemInput\"><div id=\"69e14a421ddd6W996\" class=\"btQuoteSelect btContactField btDropDown btQuoteElement\" data-condition=\"\" data-initial-value=\"1\"><\/div><div class=\"btQuoteItemDescription\">Selecciona la tarifa de Internet,Fijo y M\u00f3vil<\/div><\/div><\/div><div class=\"btQuoteItem \" id=\"hide_element\" ><label>1\u00aaL\u00ednea M\u00f3vil Adicional<\/label>\n\t\t<div class=\"btQuoteItemInput\"><div id=\"69e14a421de2eW170\" class=\"btQuoteSelect btContactField btDropDown btQuoteElement\" data-condition=\"PT0gMDsgaGlkZV9lbGVtZW50OyBoaWRlICgpOyAKPT0gMTsgaGlkZV9lbGVtZW50OyBzaG93ICgpOw==\" data-initial-value=\"\"><\/div><\/div><\/div><div class=\"btQuoteItem \" id=\"hide_element\" ><label>2\u00aaL\u00ednea M\u00f3vil Adicional<\/label>\n\t\t<div class=\"btQuoteItemInput\"><div id=\"69e14a421de67W489\" class=\"btQuoteSelect btContactField btDropDown btQuoteElement\" data-condition=\"PT0gMDsgaGlkZV9lbGVtZW50OyBoaWRlICgpOyAKPT0gMTsgaGlkZV9lbGVtZW50OyBzaG93ICgpOw==\" data-initial-value=\"\"><\/div><\/div><\/div><div class=\"btQuoteItem \" id=\"hide_element\" ><label>3\u00aaL\u00ednea M\u00f3vil Adicional<\/label>\n\t\t<div class=\"btQuoteItemInput\"><div id=\"69e14a421de99W195\" class=\"btQuoteSelect btContactField btDropDown btQuoteElement\" data-condition=\"PT0gMDsgaGlkZV9lbGVtZW50OyBoaWRlICgpOyAKPT0gMTsgaGlkZV9lbGVtZW50OyBzaG93ICgpOw==\" data-initial-value=\"\"><\/div><\/div><\/div><div class=\"btQuoteItem \" id=\"hide_element\" ><label>4\u00aaL\u00ednea M\u00f3vil Adicional<\/label>\n\t\t<div class=\"btQuoteItemInput\"><div id=\"69e14a421dec8W226\" class=\"btQuoteSelect btContactField btDropDown btQuoteElement\" data-condition=\"PT0gMDsgaGlkZV9lbGVtZW50OyBoaWRlICgpOyAKPT0gMTsgaGlkZV9lbGVtZW50OyBzaG93ICgpOw==\" data-initial-value=\"\"><\/div><\/div><\/div><div class=\"btQuoteItem \" id=\"hide_element\" ><label>5\u00aaL\u00ednea M\u00f3vil Adicional<\/label>\n\t\t<div class=\"btQuoteItemInput\"><div id=\"69e14a421def6W277\" class=\"btQuoteSelect btContactField btDropDown btQuoteElement\" data-condition=\"PT0gMDsgaGlkZV9lbGVtZW50OyBoaWRlICgpOyAKPT0gMTsgaGlkZV9lbGVtZW50OyBzaG93ICgpOw==\" data-initial-value=\"\"><\/div><\/div><\/div><div class=\"btTotalNextWrapper\"><div class=\"btQuoteTotal currencyAfter\"><span class=\"btQuoteTotalText\">Total<\/span><span class=\"btQuoteTotalCalc\"><\/span><span class=\"btQuoteTotalCurrency\">&nbsp;\u20ac<\/span><\/div><div class=\"boldBtn btnAccent btnSmall btnIco\"><button type=\"submit\" class=\"btContactNext\">Contratar<\/button><\/div><\/div><\/div><div class=\"btTotalQuoteContactGroup btActive\"><div class=\"btQuoteContact\"><form action=\"#\"><div class=\"btQuoteItem btContactFieldMandatory\"><input type=\"text\" class=\"btContactName btContactField\" placeholder=\"Name\" autocomplete=\"name\"><\/div><div class=\"btQuoteItem btContactFieldMandatory\"><input type=\"text\" class=\"btContactEmail btContactField\" placeholder=\"Email\" autocomplete=\"email\"><\/div><div class=\"btQuoteItem btContactFieldMandatory\"><input type=\"text\" class=\"btContactPhone btContactField\" placeholder=\"Phone\" autocomplete=\"tel\"><\/div><div class=\"btQuoteItem btContactFieldMandatory\"><input type=\"text\" class=\"btContactAddress btContactField\" placeholder=\"Address\"><\/div><div class=\"btQuoteItem btContactFieldMandatory btQuoteItemFullWidth\"><textarea class=\"btContactMessage btContactField\" placeholder=\"Message\"><\/textarea><\/div><div class=\"bt_cc_email_confirmation_container\"><input id=\"69e14a421df38\" class=\"bt_cc_email_confirmation\" type=\"checkbox\" value=\"yes\"><label for=\"69e14a421df38\">Email me quote!<\/label><\/div><div id=69e14a421df3a class=\"g-rec\" data-sk=\"6Ld_tfkUAAAAAKfepxu5SOhCVq2YHeWzxSGHruDH\"><\/div><div class=\"boldBtn btnAccent btnSmall btnIco\"><button type=\"submit\" class=\"btContactSubmit\">Submit<\/button><\/div><div class=\"btSubmitMessage\"><\/div><\/form><\/div><!-- btQuoteContact --><\/div><\/div><\/div>\n\n\n\n<p><\/p>\n","protected":false},"excerpt":{"rendered":"<p>Combina a tu gusto Internet, Fijo y M\u00f3vil<\/p>\n","protected":false},"author":1,"featured_media":0,"parent":0,"menu_order":0,"comment_status":"closed","ping_status":"closed","template":"","meta":{"kt_blocks_editor_width":""},"categories":[],"tags":[],"yoast_head":"<!-- This site is optimized with the Yoast SEO plugin v19.8 - https:\/\/yoast.com\/wordpress\/plugins\/seo\/ -->\n<title>Calculador FTTH - AlpujarraWireless<\/title>\n<meta name=\"robots\" content=\"index, follow, max-snippet:-1, max-image-preview:large, max-video-preview:-1\" \/>\n<link rel=\"canonical\" href=\"https:\/\/alpujarrawireless.com\/index.php\/calculador-ftth\/\" \/>\n<meta property=\"og:locale\" content=\"es_ES\" \/>\n<meta property=\"og:type\" content=\"article\" \/>\n<meta property=\"og:title\" content=\"Calculador FTTH - AlpujarraWireless\" \/>\n<meta property=\"og:description\" content=\"Combina a tu gusto Internet, Fijo y M\u00f3vil\" \/>\n<meta property=\"og:url\" content=\"https:\/\/alpujarrawireless.com\/index.php\/calculador-ftth\/\" \/>\n<meta property=\"og:site_name\" content=\"AlpujarraWireless\" \/>\n<meta property=\"article:publisher\" content=\"https:\/\/www.facebook.com\/Alpujarra-Wireless-102108301225964\/\" \/>\n<meta property=\"article:modified_time\" content=\"2020-05-30T09:44:30+00:00\" \/>\n<meta name=\"twitter:card\" content=\"summary_large_image\" \/>\n<meta name=\"twitter:site\" content=\"@alpuwir\" \/>\n<script type=\"application\/ld+json\" class=\"yoast-schema-graph\">{\"@context\":\"https:\/\/schema.org\",\"@graph\":[{\"@type\":\"WebPage\",\"@id\":\"https:\/\/alpujarrawireless.com\/index.php\/calculador-ftth\/\",\"url\":\"https:\/\/alpujarrawireless.com\/index.php\/calculador-ftth\/\",\"name\":\"Calculador FTTH - AlpujarraWireless\",\"isPartOf\":{\"@id\":\"https:\/\/alpujarrawireless.com\/#website\"},\"datePublished\":\"2020-05-30T09:13:08+00:00\",\"dateModified\":\"2020-05-30T09:44:30+00:00\",\"breadcrumb\":{\"@id\":\"https:\/\/alpujarrawireless.com\/index.php\/calculador-ftth\/#breadcrumb\"},\"inLanguage\":\"es\",\"potentialAction\":[{\"@type\":\"ReadAction\",\"target\":[\"https:\/\/alpujarrawireless.com\/index.php\/calculador-ftth\/\"]}]},{\"@type\":\"BreadcrumbList\",\"@id\":\"https:\/\/alpujarrawireless.com\/index.php\/calculador-ftth\/#breadcrumb\",\"itemListElement\":[{\"@type\":\"ListItem\",\"position\":1,\"name\":\"Portada\",\"item\":\"https:\/\/alpujarrawireless.com\/\"},{\"@type\":\"ListItem\",\"position\":2,\"name\":\"Calculador FTTH\"}]},{\"@type\":\"WebSite\",\"@id\":\"https:\/\/alpujarrawireless.com\/#website\",\"url\":\"https:\/\/alpujarrawireless.com\/\",\"name\":\"AlpujarraWireless\",\"description\":\"T\u00fa proveedor de Telecomunicaciones\",\"publisher\":{\"@id\":\"https:\/\/alpujarrawireless.com\/#organization\"},\"potentialAction\":[{\"@type\":\"SearchAction\",\"target\":{\"@type\":\"EntryPoint\",\"urlTemplate\":\"https:\/\/alpujarrawireless.com\/?s={search_term_string}\"},\"query-input\":\"required name=search_term_string\"}],\"inLanguage\":\"es\"},{\"@type\":\"Organization\",\"@id\":\"https:\/\/alpujarrawireless.com\/#organization\",\"name\":\"Alpujarra Wireless\",\"url\":\"https:\/\/alpujarrawireless.com\/\",\"sameAs\":[\"https:\/\/www.facebook.com\/Alpujarra-Wireless-102108301225964\/\",\"https:\/\/twitter.com\/alpuwir\"],\"logo\":{\"@type\":\"ImageObject\",\"inLanguage\":\"es\",\"@id\":\"https:\/\/alpujarrawireless.com\/#\/schema\/logo\/image\/\",\"url\":\"https:\/\/alpujarrawireless.com\/wp-content\/uploads\/2019\/10\/LOGO-Alpujarra-Wireless.png\",\"contentUrl\":\"https:\/\/alpujarrawireless.com\/wp-content\/uploads\/2019\/10\/LOGO-Alpujarra-Wireless.png\",\"width\":240,\"height\":88,\"caption\":\"Alpujarra Wireless\"},\"image\":{\"@id\":\"https:\/\/alpujarrawireless.com\/#\/schema\/logo\/image\/\"}}]}<\/script>\n<!-- \/ Yoast SEO plugin. -->","yoast_head_json":{"title":"Calculador FTTH - AlpujarraWireless","robots":{"index":"index","follow":"follow","max-snippet":"max-snippet:-1","max-image-preview":"max-image-preview:large","max-video-preview":"max-video-preview:-1"},"canonical":"https:\/\/alpujarrawireless.com\/index.php\/calculador-ftth\/","og_locale":"es_ES","og_type":"article","og_title":"Calculador FTTH - AlpujarraWireless","og_description":"Combina a tu gusto Internet, Fijo y M\u00f3vil","og_url":"https:\/\/alpujarrawireless.com\/index.php\/calculador-ftth\/","og_site_name":"AlpujarraWireless","article_publisher":"https:\/\/www.facebook.com\/Alpujarra-Wireless-102108301225964\/","article_modified_time":"2020-05-30T09:44:30+00:00","twitter_card":"summary_large_image","twitter_site":"@alpuwir","schema":{"@context":"https:\/\/schema.org","@graph":[{"@type":"WebPage","@id":"https:\/\/alpujarrawireless.com\/index.php\/calculador-ftth\/","url":"https:\/\/alpujarrawireless.com\/index.php\/calculador-ftth\/","name":"Calculador FTTH - AlpujarraWireless","isPartOf":{"@id":"https:\/\/alpujarrawireless.com\/#website"},"datePublished":"2020-05-30T09:13:08+00:00","dateModified":"2020-05-30T09:44:30+00:00","breadcrumb":{"@id":"https:\/\/alpujarrawireless.com\/index.php\/calculador-ftth\/#breadcrumb"},"inLanguage":"es","potentialAction":[{"@type":"ReadAction","target":["https:\/\/alpujarrawireless.com\/index.php\/calculador-ftth\/"]}]},{"@type":"BreadcrumbList","@id":"https:\/\/alpujarrawireless.com\/index.php\/calculador-ftth\/#breadcrumb","itemListElement":[{"@type":"ListItem","position":1,"name":"Portada","item":"https:\/\/alpujarrawireless.com\/"},{"@type":"ListItem","position":2,"name":"Calculador FTTH"}]},{"@type":"WebSite","@id":"https:\/\/alpujarrawireless.com\/#website","url":"https:\/\/alpujarrawireless.com\/","name":"AlpujarraWireless","description":"T\u00fa proveedor de Telecomunicaciones","publisher":{"@id":"https:\/\/alpujarrawireless.com\/#organization"},"potentialAction":[{"@type":"SearchAction","target":{"@type":"EntryPoint","urlTemplate":"https:\/\/alpujarrawireless.com\/?s={search_term_string}"},"query-input":"required name=search_term_string"}],"inLanguage":"es"},{"@type":"Organization","@id":"https:\/\/alpujarrawireless.com\/#organization","name":"Alpujarra Wireless","url":"https:\/\/alpujarrawireless.com\/","sameAs":["https:\/\/www.facebook.com\/Alpujarra-Wireless-102108301225964\/","https:\/\/twitter.com\/alpuwir"],"logo":{"@type":"ImageObject","inLanguage":"es","@id":"https:\/\/alpujarrawireless.com\/#\/schema\/logo\/image\/","url":"https:\/\/alpujarrawireless.com\/wp-content\/uploads\/2019\/10\/LOGO-Alpujarra-Wireless.png","contentUrl":"https:\/\/alpujarrawireless.com\/wp-content\/uploads\/2019\/10\/LOGO-Alpujarra-Wireless.png","width":240,"height":88,"caption":"Alpujarra Wireless"},"image":{"@id":"https:\/\/alpujarrawireless.com\/#\/schema\/logo\/image\/"}}]}},"_links":{"self":[{"href":"https:\/\/alpujarrawireless.com\/index.php\/wp-json\/wp\/v2\/pages\/1176"}],"collection":[{"href":"https:\/\/alpujarrawireless.com\/index.php\/wp-json\/wp\/v2\/pages"}],"about":[{"href":"https:\/\/alpujarrawireless.com\/index.php\/wp-json\/wp\/v2\/types\/page"}],"author":[{"embeddable":true,"href":"https:\/\/alpujarrawireless.com\/index.php\/wp-json\/wp\/v2\/users\/1"}],"replies":[{"embeddable":true,"href":"https:\/\/alpujarrawireless.com\/index.php\/wp-json\/wp\/v2\/comments?post=1176"}],"version-history":[{"count":2,"href":"https:\/\/alpujarrawireless.com\/index.php\/wp-json\/wp\/v2\/pages\/1176\/revisions"}],"predecessor-version":[{"id":1181,"href":"https:\/\/alpujarrawireless.com\/index.php\/wp-json\/wp\/v2\/pages\/1176\/revisions\/1181"}],"wp:attachment":[{"href":"https:\/\/alpujarrawireless.com\/index.php\/wp-json\/wp\/v2\/media?parent=1176"}],"wp:term":[{"taxonomy":"category","embeddable":true,"href":"https:\/\/alpujarrawireless.com\/index.php\/wp-json\/wp\/v2\/categories?post=1176"},{"taxonomy":"post_tag","embeddable":true,"href":"https:\/\/alpujarrawireless.com\/index.php\/wp-json\/wp\/v2\/tags?post=1176"}],"curies":[{"name":"wp","href":"https:\/\/api.w.org\/{rel}","templated":true}]}}