{"id":1037,"date":"2020-05-24T12:26:17","date_gmt":"2020-05-24T10:26:17","guid":{"rendered":"https:\/\/alpujarrawireless.com\/?page_id=1037"},"modified":"2020-05-24T12:38:08","modified_gmt":"2020-05-24T10:38:08","slug":"bono-internacional-300min","status":"publish","type":"page","link":"https:\/\/alpujarrawireless.com\/index.php\/bono-internacional-300min\/","title":{"rendered":"Bono Internacional 300min"},"content":{"rendered":"\n<h2>Bono <span style=\"color:#ff6600\" class=\"tadv-color\">Internacional 300min<\/span> 11,95\u20ac<\/h2>\n\n\n\n<hr class=\"wp-block-separator is-style-wide\"\/>\n\n\n\n<div class=\"wp-block-kadence-iconlist kt-svg-icon-list-items kt-svg-icon-list-items_d9d0f3-a3 kt-svg-icon-list-columns-1 alignnone kt-list-icon-aligntop\"><ul class=\"kt-svg-icon-list\"><li class=\"kt-svg-icon-list-style-default kt-svg-icon-list-item-wrap kt-svg-icon-list-item-0\"><div style=\"display:inline-flex;justify-content:center;align-items:center;color:#ff6600\" class=\"kt-svg-icon-list-single kt-svg-icon-list-single-fe_alertCircle\"><svg style=\"display:inline-block;vertical-align:middle\" viewbox=\"0 0 24 24\" height=\"20\" width=\"20\" fill=\"none\" stroke=\"currentColor\" xmlns=\"http:\/\/www.w3.org\/2000\/svg\" stroke-width=\"2\" stroke-linecap=\"round\" stroke-linejoin=\"round\"><circle cx=\"12\" cy=\"12\" r=\"10\"><\/circle><line x1=\"12\" y1=\"8\" x2=\"12\" y2=\"12\"><\/line><line x1=\"12\" y1=\"16\" x2=\"12\" y2=\"16\"><\/line><\/svg><\/div><span class=\"kt-svg-icon-list-text\">El coste de las llamadas a destinos internacionales no incluidos en el bono o bien superados los minutos de \u00e9ste puedes consultarlos<\/span><\/li><li class=\"kt-svg-icon-list-style-default kt-svg-icon-list-item-wrap kt-svg-icon-list-item-1\"><div style=\"display:inline-flex;justify-content:center;align-items:center;color:#ff6600\" class=\"kt-svg-icon-list-single kt-svg-icon-list-single-fe_alertCircle\"><svg style=\"display:inline-block;vertical-align:middle\" viewbox=\"0 0 24 24\" height=\"20\" width=\"20\" fill=\"none\" stroke=\"currentColor\" xmlns=\"http:\/\/www.w3.org\/2000\/svg\" stroke-width=\"2\" stroke-linecap=\"round\" stroke-linejoin=\"round\"><circle cx=\"12\" cy=\"12\" r=\"10\"><\/circle><line x1=\"12\" y1=\"8\" x2=\"12\" y2=\"12\"><\/line><line x1=\"12\" y1=\"16\" x2=\"12\" y2=\"16\"><\/line><\/svg><\/div><span class=\"kt-svg-icon-list-text\">El bono incluye 300 minutos a destinos fijos y m\u00f3viles internacionales (sin pagar el coste de establecimiento de llamadas) de los siguientes pa\u00edses: Alemania, Reino Unido, Dinamarca, Finlandia, Grecia, Francia, Irlanda, Islandia, Pa\u00edses Bajos, Suecia, Noruega, Estados Unidos de Am\u00e9rica, Canad\u00e1, Italia, Polonia, Hungr\u00eda, Ruman\u00eda, Austria, Eslovaquia, Rep\u00fablica Checa, Lituania, Croacia, Kazajist\u00e1n, Rusia, China, Corea del Sur, Jap\u00f3n, Hong Kong, Brasil, Colombia, Argentina, M\u00e9xico, Panam\u00e1 y Paraguay.<\/span><\/li><li class=\"kt-svg-icon-list-style-default kt-svg-icon-list-item-wrap kt-svg-icon-list-item-2\"><div style=\"display:inline-flex;justify-content:center;align-items:center;color:#ff6600\" class=\"kt-svg-icon-list-single kt-svg-icon-list-single-fe_alertCircle\"><svg style=\"display:inline-block;vertical-align:middle\" viewbox=\"0 0 24 24\" height=\"20\" width=\"20\" fill=\"none\" stroke=\"currentColor\" xmlns=\"http:\/\/www.w3.org\/2000\/svg\" stroke-width=\"2\" stroke-linecap=\"round\" stroke-linejoin=\"round\"><circle cx=\"12\" cy=\"12\" r=\"10\"><\/circle><line x1=\"12\" y1=\"8\" x2=\"12\" y2=\"12\"><\/line><line x1=\"12\" y1=\"16\" x2=\"12\" y2=\"16\"><\/line><\/svg><\/div><span class=\"kt-svg-icon-list-text\">Sin permanencia en tarifa.<\/span><\/li><li class=\"kt-svg-icon-list-style-default kt-svg-icon-list-item-wrap kt-svg-icon-list-item-3\"><div style=\"display:inline-flex;justify-content:center;align-items:center;color:#ff6600\" class=\"kt-svg-icon-list-single kt-svg-icon-list-single-fe_alertCircle\"><svg style=\"display:inline-block;vertical-align:middle\" viewbox=\"0 0 24 24\" height=\"20\" width=\"20\" fill=\"none\" stroke=\"currentColor\" xmlns=\"http:\/\/www.w3.org\/2000\/svg\" stroke-width=\"2\" stroke-linecap=\"round\" stroke-linejoin=\"round\"><circle cx=\"12\" cy=\"12\" r=\"10\"><\/circle><line x1=\"12\" y1=\"8\" x2=\"12\" y2=\"12\"><\/line><line x1=\"12\" y1=\"16\" x2=\"12\" y2=\"16\"><\/line><\/svg><\/div><span class=\"kt-svg-icon-list-text\">Compatible con todas las tarifas s\u00f3lo m\u00f3vil.<\/span><\/li><li class=\"kt-svg-icon-list-style-default kt-svg-icon-list-item-wrap kt-svg-icon-list-item-4\"><div style=\"display:inline-flex;justify-content:center;align-items:center;color:#ff6600\" class=\"kt-svg-icon-list-single kt-svg-icon-list-single-fe_alertCircle\"><svg style=\"display:inline-block;vertical-align:middle\" viewbox=\"0 0 24 24\" height=\"20\" width=\"20\" fill=\"none\" stroke=\"currentColor\" xmlns=\"http:\/\/www.w3.org\/2000\/svg\" stroke-width=\"2\" stroke-linecap=\"round\" stroke-linejoin=\"round\"><circle cx=\"12\" cy=\"12\" r=\"10\"><\/circle><line x1=\"12\" y1=\"8\" x2=\"12\" y2=\"12\"><\/line><line x1=\"12\" y1=\"16\" x2=\"12\" y2=\"16\"><\/line><\/svg><\/div><span class=\"kt-svg-icon-list-text\">Cuota total 11,95 \u20ac\/mes IVA incluido.<\/span><\/li><\/ul><\/div>\n","protected":false},"excerpt":{"rendered":"<p>Bono Internacional 300min 11,95\u20ac<\/p>\n","protected":false},"author":1,"featured_media":0,"parent":0,"menu_order":0,"comment_status":"closed","ping_status":"closed","template":"","meta":{"kt_blocks_editor_width":""},"categories":[14],"tags":[],"yoast_head":"<!-- This site is optimized with the Yoast SEO plugin v19.8 - https:\/\/yoast.com\/wordpress\/plugins\/seo\/ -->\n<title>Bono Internacional 300min - AlpujarraWireless<\/title>\n<meta name=\"robots\" content=\"index, follow, max-snippet:-1, max-image-preview:large, max-video-preview:-1\" \/>\n<link rel=\"canonical\" href=\"https:\/\/alpujarrawireless.com\/index.php\/bono-internacional-300min\/\" \/>\n<meta property=\"og:locale\" content=\"es_ES\" \/>\n<meta property=\"og:type\" content=\"article\" \/>\n<meta property=\"og:title\" content=\"Bono Internacional 300min - AlpujarraWireless\" \/>\n<meta property=\"og:description\" content=\"Bono Internacional 300min 11,95\u20ac\" \/>\n<meta property=\"og:url\" content=\"https:\/\/alpujarrawireless.com\/index.php\/bono-internacional-300min\/\" \/>\n<meta property=\"og:site_name\" content=\"AlpujarraWireless\" \/>\n<meta property=\"article:publisher\" content=\"https:\/\/www.facebook.com\/Alpujarra-Wireless-102108301225964\/\" \/>\n<meta property=\"article:modified_time\" content=\"2020-05-24T10:38:08+00:00\" \/>\n<meta name=\"twitter:card\" content=\"summary_large_image\" \/>\n<meta name=\"twitter:site\" content=\"@alpuwir\" \/>\n<meta name=\"twitter:label1\" content=\"Tiempo de lectura\" \/>\n\t<meta name=\"twitter:data1\" content=\"1 minuto\" \/>\n<script type=\"application\/ld+json\" class=\"yoast-schema-graph\">{\"@context\":\"https:\/\/schema.org\",\"@graph\":[{\"@type\":\"WebPage\",\"@id\":\"https:\/\/alpujarrawireless.com\/index.php\/bono-internacional-300min\/\",\"url\":\"https:\/\/alpujarrawireless.com\/index.php\/bono-internacional-300min\/\",\"name\":\"Bono Internacional 300min - AlpujarraWireless\",\"isPartOf\":{\"@id\":\"https:\/\/alpujarrawireless.com\/#website\"},\"datePublished\":\"2020-05-24T10:26:17+00:00\",\"dateModified\":\"2020-05-24T10:38:08+00:00\",\"breadcrumb\":{\"@id\":\"https:\/\/alpujarrawireless.com\/index.php\/bono-internacional-300min\/#breadcrumb\"},\"inLanguage\":\"es\",\"potentialAction\":[{\"@type\":\"ReadAction\",\"target\":[\"https:\/\/alpujarrawireless.com\/index.php\/bono-internacional-300min\/\"]}]},{\"@type\":\"BreadcrumbList\",\"@id\":\"https:\/\/alpujarrawireless.com\/index.php\/bono-internacional-300min\/#breadcrumb\",\"itemListElement\":[{\"@type\":\"ListItem\",\"position\":1,\"name\":\"Portada\",\"item\":\"https:\/\/alpujarrawireless.com\/\"},{\"@type\":\"ListItem\",\"position\":2,\"name\":\"Bono Internacional 300min\"}]},{\"@type\":\"WebSite\",\"@id\":\"https:\/\/alpujarrawireless.com\/#website\",\"url\":\"https:\/\/alpujarrawireless.com\/\",\"name\":\"AlpujarraWireless\",\"description\":\"T\u00fa proveedor de Telecomunicaciones\",\"publisher\":{\"@id\":\"https:\/\/alpujarrawireless.com\/#organization\"},\"potentialAction\":[{\"@type\":\"SearchAction\",\"target\":{\"@type\":\"EntryPoint\",\"urlTemplate\":\"https:\/\/alpujarrawireless.com\/?s={search_term_string}\"},\"query-input\":\"required name=search_term_string\"}],\"inLanguage\":\"es\"},{\"@type\":\"Organization\",\"@id\":\"https:\/\/alpujarrawireless.com\/#organization\",\"name\":\"Alpujarra Wireless\",\"url\":\"https:\/\/alpujarrawireless.com\/\",\"sameAs\":[\"https:\/\/www.facebook.com\/Alpujarra-Wireless-102108301225964\/\",\"https:\/\/twitter.com\/alpuwir\"],\"logo\":{\"@type\":\"ImageObject\",\"inLanguage\":\"es\",\"@id\":\"https:\/\/alpujarrawireless.com\/#\/schema\/logo\/image\/\",\"url\":\"https:\/\/alpujarrawireless.com\/wp-content\/uploads\/2019\/10\/LOGO-Alpujarra-Wireless.png\",\"contentUrl\":\"https:\/\/alpujarrawireless.com\/wp-content\/uploads\/2019\/10\/LOGO-Alpujarra-Wireless.png\",\"width\":240,\"height\":88,\"caption\":\"Alpujarra Wireless\"},\"image\":{\"@id\":\"https:\/\/alpujarrawireless.com\/#\/schema\/logo\/image\/\"}}]}<\/script>\n<!-- \/ Yoast SEO plugin. -->","yoast_head_json":{"title":"Bono Internacional 300min - AlpujarraWireless","robots":{"index":"index","follow":"follow","max-snippet":"max-snippet:-1","max-image-preview":"max-image-preview:large","max-video-preview":"max-video-preview:-1"},"canonical":"https:\/\/alpujarrawireless.com\/index.php\/bono-internacional-300min\/","og_locale":"es_ES","og_type":"article","og_title":"Bono Internacional 300min - AlpujarraWireless","og_description":"Bono Internacional 300min 11,95\u20ac","og_url":"https:\/\/alpujarrawireless.com\/index.php\/bono-internacional-300min\/","og_site_name":"AlpujarraWireless","article_publisher":"https:\/\/www.facebook.com\/Alpujarra-Wireless-102108301225964\/","article_modified_time":"2020-05-24T10:38:08+00:00","twitter_card":"summary_large_image","twitter_site":"@alpuwir","twitter_misc":{"Tiempo de lectura":"1 minuto"},"schema":{"@context":"https:\/\/schema.org","@graph":[{"@type":"WebPage","@id":"https:\/\/alpujarrawireless.com\/index.php\/bono-internacional-300min\/","url":"https:\/\/alpujarrawireless.com\/index.php\/bono-internacional-300min\/","name":"Bono Internacional 300min - AlpujarraWireless","isPartOf":{"@id":"https:\/\/alpujarrawireless.com\/#website"},"datePublished":"2020-05-24T10:26:17+00:00","dateModified":"2020-05-24T10:38:08+00:00","breadcrumb":{"@id":"https:\/\/alpujarrawireless.com\/index.php\/bono-internacional-300min\/#breadcrumb"},"inLanguage":"es","potentialAction":[{"@type":"ReadAction","target":["https:\/\/alpujarrawireless.com\/index.php\/bono-internacional-300min\/"]}]},{"@type":"BreadcrumbList","@id":"https:\/\/alpujarrawireless.com\/index.php\/bono-internacional-300min\/#breadcrumb","itemListElement":[{"@type":"ListItem","position":1,"name":"Portada","item":"https:\/\/alpujarrawireless.com\/"},{"@type":"ListItem","position":2,"name":"Bono Internacional 300min"}]},{"@type":"WebSite","@id":"https:\/\/alpujarrawireless.com\/#website","url":"https:\/\/alpujarrawireless.com\/","name":"AlpujarraWireless","description":"T\u00fa proveedor de Telecomunicaciones","publisher":{"@id":"https:\/\/alpujarrawireless.com\/#organization"},"potentialAction":[{"@type":"SearchAction","target":{"@type":"EntryPoint","urlTemplate":"https:\/\/alpujarrawireless.com\/?s={search_term_string}"},"query-input":"required name=search_term_string"}],"inLanguage":"es"},{"@type":"Organization","@id":"https:\/\/alpujarrawireless.com\/#organization","name":"Alpujarra Wireless","url":"https:\/\/alpujarrawireless.com\/","sameAs":["https:\/\/www.facebook.com\/Alpujarra-Wireless-102108301225964\/","https:\/\/twitter.com\/alpuwir"],"logo":{"@type":"ImageObject","inLanguage":"es","@id":"https:\/\/alpujarrawireless.com\/#\/schema\/logo\/image\/","url":"https:\/\/alpujarrawireless.com\/wp-content\/uploads\/2019\/10\/LOGO-Alpujarra-Wireless.png","contentUrl":"https:\/\/alpujarrawireless.com\/wp-content\/uploads\/2019\/10\/LOGO-Alpujarra-Wireless.png","width":240,"height":88,"caption":"Alpujarra Wireless"},"image":{"@id":"https:\/\/alpujarrawireless.com\/#\/schema\/logo\/image\/"}}]}},"_links":{"self":[{"href":"https:\/\/alpujarrawireless.com\/index.php\/wp-json\/wp\/v2\/pages\/1037"}],"collection":[{"href":"https:\/\/alpujarrawireless.com\/index.php\/wp-json\/wp\/v2\/pages"}],"about":[{"href":"https:\/\/alpujarrawireless.com\/index.php\/wp-json\/wp\/v2\/types\/page"}],"author":[{"embeddable":true,"href":"https:\/\/alpujarrawireless.com\/index.php\/wp-json\/wp\/v2\/users\/1"}],"replies":[{"embeddable":true,"href":"https:\/\/alpujarrawireless.com\/index.php\/wp-json\/wp\/v2\/comments?post=1037"}],"version-history":[{"count":1,"href":"https:\/\/alpujarrawireless.com\/index.php\/wp-json\/wp\/v2\/pages\/1037\/revisions"}],"predecessor-version":[{"id":1039,"href":"https:\/\/alpujarrawireless.com\/index.php\/wp-json\/wp\/v2\/pages\/1037\/revisions\/1039"}],"wp:attachment":[{"href":"https:\/\/alpujarrawireless.com\/index.php\/wp-json\/wp\/v2\/media?parent=1037"}],"wp:term":[{"taxonomy":"category","embeddable":true,"href":"https:\/\/alpujarrawireless.com\/index.php\/wp-json\/wp\/v2\/categories?post=1037"},{"taxonomy":"post_tag","embeddable":true,"href":"https:\/\/alpujarrawireless.com\/index.php\/wp-json\/wp\/v2\/tags?post=1037"}],"curies":[{"name":"wp","href":"https:\/\/api.w.org\/{rel}","templated":true}]}}